{"id":36,"date":"2024-12-05T18:50:22","date_gmt":"2024-12-05T18:50:22","guid":{"rendered":"https:\/\/ajaprevention.fr\/?page_id=36"},"modified":"2024-12-06T22:46:55","modified_gmt":"2024-12-06T21:46:55","slug":"conseil-dadministration","status":"publish","type":"page","link":"https:\/\/ajaprevention.fr\/?page_id=36","title":{"rendered":"Conseil d&rsquo;administration"},"content":{"rendered":"\t\t<div data-elementor-type=\"wp-page\" data-elementor-id=\"36\" class=\"elementor elementor-36\">\n\t\t\t\t<div class=\"elementor-element elementor-element-496c3b94 e-flex e-con-boxed elementor-invisible e-con e-parent\" data-id=\"496c3b94\" data-element_type=\"container\" data-e-type=\"container\" data-settings=\"{&quot;background_background&quot;:&quot;classic&quot;,&quot;animation&quot;:&quot;fadeIn&quot;}\">\n\t\t\t\t\t<div class=\"e-con-inner\">\n\t\t<div class=\"elementor-element elementor-element-6fb1c095 e-con-full e-flex e-con e-child\" data-id=\"6fb1c095\" data-element_type=\"container\" data-e-type=\"container\">\n\t\t\t\t<div class=\"elementor-element elementor-element-3a5fbf5b elementor-invisible elementor-widget elementor-widget-heading\" data-id=\"3a5fbf5b\" data-element_type=\"widget\" data-e-type=\"widget\" data-settings=\"{&quot;_animation&quot;:&quot;fadeIn&quot;}\" data-widget_type=\"heading.default\">\n\t\t\t\t<div class=\"elementor-widget-container\">\n\t\t\t\t\t<h2 class=\"elementor-heading-title elementor-size-default\"><span style=\"color :#c7d414\">Association<\/span> <span style=\"color :#e3092e\">Jeunesse <\/span> <span style=\"color :#ac4c97\">Avenir<\/span><\/h2>\t\t\t\t<\/div>\n\t\t\t\t<\/div>\n\t\t<div class=\"elementor-element elementor-element-37901cf7 e-con-full e-flex e-con e-child\" data-id=\"37901cf7\" data-element_type=\"container\" data-e-type=\"container\">\n\t\t\t\t<div class=\"elementor-element elementor-element-daade3f elementor-widget elementor-widget-heading\" data-id=\"daade3f\" data-element_type=\"widget\" data-e-type=\"widget\" data-widget_type=\"heading.default\">\n\t\t\t\t<div class=\"elementor-widget-container\">\n\t\t\t\t\t<h1 class=\"elementor-heading-title elementor-size-default\">Le Conseil d'Administration de l\u2019AJA de Maubeuge<\/h1>\t\t\t\t<\/div>\n\t\t\t\t<\/div>\n\t\t\t\t<\/div>\n\t\t\t\t<\/div>\n\t\t\t\t<div class=\"elementor-element elementor-element-5e9f56a elementor-widget elementor-widget-text-editor\" data-id=\"5e9f56a\" data-element_type=\"widget\" data-e-type=\"widget\" data-widget_type=\"text-editor.default\">\n\t\t\t\t<div class=\"elementor-widget-container\">\n\t\t\t\t\t\t\t\t\t<p>Le Conseil d&rsquo;Administration de l\u2019Association Jeunesse Avenir (AJA) de Maubeuge est compos\u00e9 de b\u00e9n\u00e9voles passionn\u00e9s et engag\u00e9s qui travaillent ensemble pour guider l&rsquo;association dans sa mission de soutien \u00e0 la jeunesse. Leur expertise et leur d\u00e9vouement sont essentiels pour assurer la bonne gestion des projets et l\u2019impact de nos actions.<\/p>\t\t\t\t\t\t\t\t<\/div>\n\t\t\t\t<\/div>\n\t\t\t\t\t<\/div>\n\t\t\t\t<\/div>\n\t\t<div class=\"elementor-element elementor-element-dcc3150 e-flex e-con-boxed elementor-invisible e-con e-parent\" data-id=\"dcc3150\" data-element_type=\"container\" data-e-type=\"container\" data-settings=\"{&quot;animation&quot;:&quot;fadeIn&quot;}\">\n\t\t\t\t\t<div class=\"e-con-inner\">\n\t\t<div class=\"elementor-element elementor-element-d66bc83 e-con-full e-flex e-con e-child\" data-id=\"d66bc83\" data-element_type=\"container\" data-e-type=\"container\">\n\t\t<div class=\"elementor-element elementor-element-6046dc7 e-con-full e-flex e-con e-child\" data-id=\"6046dc7\" data-element_type=\"container\" data-e-type=\"container\">\n\t\t\t\t<div class=\"elementor-element elementor-element-8cdd7a2 elementor-widget elementor-widget-heading\" data-id=\"8cdd7a2\" data-element_type=\"widget\" data-e-type=\"widget\" data-widget_type=\"heading.default\">\n\t\t\t\t<div class=\"elementor-widget-container\">\n\t\t\t\t\t<h2 class=\"elementor-heading-title elementor-size-default\">Liste des membres du conseil d'administration<\/h2>\t\t\t\t<\/div>\n\t\t\t\t<\/div>\n\t\t\t\t<\/div>\n\t\t<div class=\"elementor-element elementor-element-2c864a9 e-con-full e-flex e-con e-child\" data-id=\"2c864a9\" data-element_type=\"container\" data-e-type=\"container\">\n\t\t\t\t<div class=\"elementor-element elementor-element-10658de elementor-widget elementor-widget-heading\" data-id=\"10658de\" data-element_type=\"widget\" data-e-type=\"widget\" data-widget_type=\"heading.default\">\n\t\t\t\t<div class=\"elementor-widget-container\">\n\t\t\t\t\t<h4 class=\"elementor-heading-title elementor-size-default\">Pr\u00e9sident<\/h4>\t\t\t\t<\/div>\n\t\t\t\t<\/div>\n\t\t\t\t<div class=\"elementor-element elementor-element-0f9da6a elementor-widget-divider--view-line elementor-widget elementor-widget-divider\" data-id=\"0f9da6a\" data-element_type=\"widget\" data-e-type=\"widget\" data-widget_type=\"divider.default\">\n\t\t\t\t<div class=\"elementor-widget-container\">\n\t\t\t\t\t\t\t<div class=\"elementor-divider\">\n\t\t\t<span class=\"elementor-divider-separator\">\n\t\t\t\t\t\t<\/span>\n\t\t<\/div>\n\t\t\t\t\t\t<\/div>\n\t\t\t\t<\/div>\n\t\t\t\t<div class=\"elementor-element elementor-element-80b0b0c elementor-widget elementor-widget-text-editor\" data-id=\"80b0b0c\" data-element_type=\"widget\" data-e-type=\"widget\" data-widget_type=\"text-editor.default\">\n\t\t\t\t<div class=\"elementor-widget-container\">\n\t\t\t\t\t\t\t\t\t<p><strong>Jean Dupont<\/strong> \u2013 Pr\u00e9sident <em>Jean est responsable de la coordination g\u00e9n\u00e9rale de l\u2019AJA. Passionn\u00e9 par le d\u00e9veloppement des jeunes, il a une exp\u00e9rience de 10 ans dans le secteur associatif et a su faire cro\u00eetre les projets de l\u2019association.<\/em><\/p>\t\t\t\t\t\t\t\t<\/div>\n\t\t\t\t<\/div>\n\t\t\t\t<\/div>\n\t\t<div class=\"elementor-element elementor-element-1f8725b e-con-full e-flex e-con e-child\" data-id=\"1f8725b\" data-element_type=\"container\" data-e-type=\"container\">\n\t\t\t\t<div class=\"elementor-element elementor-element-b0b8335 elementor-widget elementor-widget-heading\" data-id=\"b0b8335\" data-element_type=\"widget\" data-e-type=\"widget\" data-widget_type=\"heading.default\">\n\t\t\t\t<div class=\"elementor-widget-container\">\n\t\t\t\t\t<h4 class=\"elementor-heading-title elementor-size-default\">Vice-pr\u00e9sident<\/h4>\t\t\t\t<\/div>\n\t\t\t\t<\/div>\n\t\t\t\t<div class=\"elementor-element elementor-element-acd79a0 elementor-widget-divider--view-line elementor-widget elementor-widget-divider\" data-id=\"acd79a0\" data-element_type=\"widget\" data-e-type=\"widget\" data-widget_type=\"divider.default\">\n\t\t\t\t<div class=\"elementor-widget-container\">\n\t\t\t\t\t\t\t<div class=\"elementor-divider\">\n\t\t\t<span class=\"elementor-divider-separator\">\n\t\t\t\t\t\t<\/span>\n\t\t<\/div>\n\t\t\t\t\t\t<\/div>\n\t\t\t\t<\/div>\n\t\t\t\t<div class=\"elementor-element elementor-element-03f7103 elementor-widget elementor-widget-text-editor\" data-id=\"03f7103\" data-element_type=\"widget\" data-e-type=\"widget\" data-widget_type=\"text-editor.default\">\n\t\t\t\t<div class=\"elementor-widget-container\">\n\t\t\t\t\t\t\t\t\t<p><strong>Marie Martin<\/strong> \u2013 Vice-pr\u00e9sidente <em>Marie travaille dans le secteur de l&rsquo;\u00e9ducation et est impliqu\u00e9e dans plusieurs programmes de mentorat. Elle s\u2019assure que les projets \u00e9ducatifs de l\u2019AJA soient align\u00e9s avec les besoins des jeunes de Maubeuge.<\/em><\/p>\t\t\t\t\t\t\t\t<\/div>\n\t\t\t\t<\/div>\n\t\t\t\t<\/div>\n\t\t<div class=\"elementor-element elementor-element-91b7d19 e-con-full e-flex e-con e-child\" data-id=\"91b7d19\" data-element_type=\"container\" data-e-type=\"container\">\n\t\t\t\t<div class=\"elementor-element elementor-element-03e8572 elementor-widget elementor-widget-heading\" data-id=\"03e8572\" data-element_type=\"widget\" data-e-type=\"widget\" data-widget_type=\"heading.default\">\n\t\t\t\t<div class=\"elementor-widget-container\">\n\t\t\t\t\t<h4 class=\"elementor-heading-title elementor-size-default\">Tr\u00e9sorier<\/h4>\t\t\t\t<\/div>\n\t\t\t\t<\/div>\n\t\t\t\t<div class=\"elementor-element elementor-element-4ee5e5b elementor-widget-divider--view-line elementor-widget elementor-widget-divider\" data-id=\"4ee5e5b\" data-element_type=\"widget\" data-e-type=\"widget\" data-widget_type=\"divider.default\">\n\t\t\t\t<div class=\"elementor-widget-container\">\n\t\t\t\t\t\t\t<div class=\"elementor-divider\">\n\t\t\t<span class=\"elementor-divider-separator\">\n\t\t\t\t\t\t<\/span>\n\t\t<\/div>\n\t\t\t\t\t\t<\/div>\n\t\t\t\t<\/div>\n\t\t\t\t<div class=\"elementor-element elementor-element-c289151 elementor-widget elementor-widget-text-editor\" data-id=\"c289151\" data-element_type=\"widget\" data-e-type=\"widget\" data-widget_type=\"text-editor.default\">\n\t\t\t\t<div class=\"elementor-widget-container\">\n\t\t\t\t\t\t\t\t\t<p><strong>Paul Leclerc<\/strong> \u2013 Tr\u00e9sorier <em>Expert-comptable de formation, Paul supervise la gestion financi\u00e8re de l&rsquo;AJA, assurant la transparence et l&rsquo;efficacit\u00e9 de l\u2019utilisation des fonds de l\u2019association<\/em><\/p>\t\t\t\t\t\t\t\t<\/div>\n\t\t\t\t<\/div>\n\t\t\t\t<\/div>\n\t\t\t\t<\/div>\n\t\t\t\t\t<\/div>\n\t\t\t\t<\/div>\n\t\t<div class=\"elementor-element elementor-element-693828a e-flex e-con-boxed elementor-invisible e-con e-parent\" data-id=\"693828a\" data-element_type=\"container\" data-e-type=\"container\" data-settings=\"{&quot;background_background&quot;:&quot;classic&quot;,&quot;animation&quot;:&quot;fadeIn&quot;}\">\n\t\t\t\t\t<div class=\"e-con-inner\">\n\t\t<div class=\"elementor-element elementor-element-3bae71c e-con-full e-flex e-con e-child\" data-id=\"3bae71c\" data-element_type=\"container\" data-e-type=\"container\">\n\t\t<div class=\"elementor-element elementor-element-5857f21 e-con-full e-flex e-con e-child\" data-id=\"5857f21\" data-element_type=\"container\" data-e-type=\"container\">\n\t\t\t\t<div class=\"elementor-element elementor-element-39c144b elementor-widget elementor-widget-heading\" data-id=\"39c144b\" data-element_type=\"widget\" data-e-type=\"widget\" data-widget_type=\"heading.default\">\n\t\t\t\t<div class=\"elementor-widget-container\">\n\t\t\t\t\t<h2 class=\"elementor-heading-title elementor-size-default\">R\u00f4les et responsabilit\u00e9s du conseil<\/h2>\t\t\t\t<\/div>\n\t\t\t\t<\/div>\n\t\t\t\t<\/div>\n\t\t\t\t<div class=\"elementor-element elementor-element-7e395c6 elementor-icon-list--layout-traditional elementor-list-item-link-full_width elementor-widget elementor-widget-icon-list\" data-id=\"7e395c6\" data-element_type=\"widget\" data-e-type=\"widget\" data-widget_type=\"icon-list.default\">\n\t\t\t\t<div class=\"elementor-widget-container\">\n\t\t\t\t\t\t\t<ul class=\"elementor-icon-list-items\">\n\t\t\t\t\t\t\t<li class=\"elementor-icon-list-item\">\n\t\t\t\t\t\t\t\t\t\t\t<span class=\"elementor-icon-list-icon\">\n\t\t\t\t\t\t\t<svg aria-hidden=\"true\" class=\"e-font-icon-svg e-fas-arrow-right\" viewBox=\"0 0 448 512\" xmlns=\"http:\/\/www.w3.org\/2000\/svg\"><path d=\"M190.5 66.9l22.2-22.2c9.4-9.4 24.6-9.4 33.9 0L441 239c9.4 9.4 9.4 24.6 0 33.9L246.6 467.3c-9.4 9.4-24.6 9.4-33.9 0l-22.2-22.2c-9.5-9.5-9.3-25 .4-34.3L311.4 296H24c-13.3 0-24-10.7-24-24v-32c0-13.3 10.7-24 24-24h287.4L190.9 101.2c-9.8-9.3-10-24.8-.4-34.3z\"><\/path><\/svg>\t\t\t\t\t\t<\/span>\n\t\t\t\t\t\t\t\t\t\t<span class=\"elementor-icon-list-text\">Prendre des d\u00e9cisions strat\u00e9giques concernant les projets et l\u2019orientation de l\u2019association.<\/span>\n\t\t\t\t\t\t\t\t\t<\/li>\n\t\t\t\t\t\t\t\t<li class=\"elementor-icon-list-item\">\n\t\t\t\t\t\t\t\t\t\t\t<span class=\"elementor-icon-list-icon\">\n\t\t\t\t\t\t\t<svg aria-hidden=\"true\" class=\"e-font-icon-svg e-fas-arrow-right\" viewBox=\"0 0 448 512\" xmlns=\"http:\/\/www.w3.org\/2000\/svg\"><path d=\"M190.5 66.9l22.2-22.2c9.4-9.4 24.6-9.4 33.9 0L441 239c9.4 9.4 9.4 24.6 0 33.9L246.6 467.3c-9.4 9.4-24.6 9.4-33.9 0l-22.2-22.2c-9.5-9.5-9.3-25 .4-34.3L311.4 296H24c-13.3 0-24-10.7-24-24v-32c0-13.3 10.7-24 24-24h287.4L190.9 101.2c-9.8-9.3-10-24.8-.4-34.3z\"><\/path><\/svg>\t\t\t\t\t\t<\/span>\n\t\t\t\t\t\t\t\t\t\t<span class=\"elementor-icon-list-text\">Assurer la gestion financi\u00e8re et administrative.<\/span>\n\t\t\t\t\t\t\t\t\t<\/li>\n\t\t\t\t\t\t\t\t<li class=\"elementor-icon-list-item\">\n\t\t\t\t\t\t\t\t\t\t\t<span class=\"elementor-icon-list-icon\">\n\t\t\t\t\t\t\t<svg aria-hidden=\"true\" class=\"e-font-icon-svg e-fas-arrow-right\" viewBox=\"0 0 448 512\" xmlns=\"http:\/\/www.w3.org\/2000\/svg\"><path d=\"M190.5 66.9l22.2-22.2c9.4-9.4 24.6-9.4 33.9 0L441 239c9.4 9.4 9.4 24.6 0 33.9L246.6 467.3c-9.4 9.4-24.6 9.4-33.9 0l-22.2-22.2c-9.5-9.5-9.3-25 .4-34.3L311.4 296H24c-13.3 0-24-10.7-24-24v-32c0-13.3 10.7-24 24-24h287.4L190.9 101.2c-9.8-9.3-10-24.8-.4-34.3z\"><\/path><\/svg>\t\t\t\t\t\t<\/span>\n\t\t\t\t\t\t\t\t\t\t<span class=\"elementor-icon-list-text\">Repr\u00e9senter l\u2019association aupr\u00e8s des partenaires, institutions et dans le cadre de projets communs.<\/span>\n\t\t\t\t\t\t\t\t\t<\/li>\n\t\t\t\t\t\t<\/ul>\n\t\t\t\t\t\t<\/div>\n\t\t\t\t<\/div>\n\t\t\t\t<\/div>\n\t\t\t\t\t<\/div>\n\t\t\t\t<\/div>\n\t\t<div class=\"elementor-element elementor-element-8e590c8 e-flex e-con-boxed elementor-invisible e-con e-parent\" data-id=\"8e590c8\" data-element_type=\"container\" data-e-type=\"container\" data-settings=\"{&quot;background_background&quot;:&quot;classic&quot;,&quot;animation&quot;:&quot;fadeIn&quot;}\">\n\t\t\t\t\t<div class=\"e-con-inner\">\n\t\t<div class=\"elementor-element elementor-element-3c84b3c e-con-full e-flex e-con e-child\" data-id=\"3c84b3c\" data-element_type=\"container\" data-e-type=\"container\">\n\t\t<div class=\"elementor-element elementor-element-07529f6 e-con-full e-flex e-con e-child\" data-id=\"07529f6\" data-element_type=\"container\" data-e-type=\"container\">\n\t\t\t\t<div class=\"elementor-element elementor-element-8534e17 elementor-widget elementor-widget-heading\" data-id=\"8534e17\" data-element_type=\"widget\" data-e-type=\"widget\" data-widget_type=\"heading.default\">\n\t\t\t\t<div class=\"elementor-widget-container\">\n\t\t\t\t\t<h2 class=\"elementor-heading-title elementor-size-default\">Engagement et vision collective<\/h2>\t\t\t\t<\/div>\n\t\t\t\t<\/div>\n\t\t\t\t<div class=\"elementor-element elementor-element-82bb6c1 elementor-widget elementor-widget-text-editor\" data-id=\"82bb6c1\" data-element_type=\"widget\" data-e-type=\"widget\" data-widget_type=\"text-editor.default\">\n\t\t\t\t<div class=\"elementor-widget-container\">\n\t\t\t\t\t\t\t\t\t<p>Les membres du Conseil d\u2019Administration sont tous b\u00e9n\u00e9voles et travaillent ensemble pour faire avancer les objectifs de l\u2019AJA. Leur engagement collectif permet \u00e0 l\u2019association de rester fid\u00e8le \u00e0 sa mission d\u2019accompagner la jeunesse de Maubeuge vers un avenir meilleur.<\/p>\t\t\t\t\t\t\t\t<\/div>\n\t\t\t\t<\/div>\n\t\t\t\t<\/div>\n\t\t\t\t<\/div>\n\t\t\t\t\t<\/div>\n\t\t\t\t<\/div>\n\t\t\t\t<\/div>\n\t\t","protected":false},"excerpt":{"rendered":"<p>Association Jeunesse Avenir Le Conseil d&rsquo;Administration de l\u2019AJA de Maubeuge Le Conseil d&rsquo;Administration de l\u2019Association Jeunesse Avenir (AJA) de Maubeuge est compos\u00e9 de b\u00e9n\u00e9voles passionn\u00e9s et engag\u00e9s qui travaillent ensemble pour guider l&rsquo;association dans sa mission de soutien \u00e0 la jeunesse. Leur expertise et leur d\u00e9vouement sont essentiels pour assurer la bonne gestion des projets [&hellip;]<\/p>\n","protected":false},"author":1,"featured_media":0,"parent":0,"menu_order":0,"comment_status":"closed","ping_status":"closed","template":"","meta":{"ocean_post_layout":"","ocean_both_sidebars_style":"","ocean_both_sidebars_content_width":0,"ocean_both_sidebars_sidebars_width":0,"ocean_sidebar":"","ocean_second_sidebar":"","ocean_disable_margins":"enable","ocean_add_body_class":"","ocean_shortcode_before_top_bar":"","ocean_shortcode_after_top_bar":"","ocean_shortcode_before_header":"","ocean_shortcode_after_header":"","ocean_has_shortcode":"","ocean_shortcode_after_title":"","ocean_shortcode_before_footer_widgets":"","ocean_shortcode_after_footer_widgets":"","ocean_shortcode_before_footer_bottom":"","ocean_shortcode_after_footer_bottom":"","ocean_display_top_bar":"default","ocean_display_header":"default","ocean_header_style":"","ocean_center_header_left_menu":"","ocean_custom_header_template":"","ocean_custom_logo":0,"ocean_custom_retina_logo":0,"ocean_custom_logo_max_width":0,"ocean_custom_logo_tablet_max_width":0,"ocean_custom_logo_mobile_max_width":0,"ocean_custom_logo_max_height":0,"ocean_custom_logo_tablet_max_height":0,"ocean_custom_logo_mobile_max_height":0,"ocean_header_custom_menu":"","ocean_menu_typo_font_family":"","ocean_menu_typo_font_subset":"","ocean_menu_typo_font_size":0,"ocean_menu_typo_font_size_tablet":0,"ocean_menu_typo_font_size_mobile":0,"ocean_menu_typo_font_size_unit":"px","ocean_menu_typo_font_weight":"","ocean_menu_typo_font_weight_tablet":"","ocean_menu_typo_font_weight_mobile":"","ocean_menu_typo_transform":"","ocean_menu_typo_transform_tablet":"","ocean_menu_typo_transform_mobile":"","ocean_menu_typo_line_height":0,"ocean_menu_typo_line_height_tablet":0,"ocean_menu_typo_line_height_mobile":0,"ocean_menu_typo_line_height_unit":"","ocean_menu_typo_spacing":0,"ocean_menu_typo_spacing_tablet":0,"ocean_menu_typo_spacing_mobile":0,"ocean_menu_typo_spacing_unit":"","ocean_menu_link_color":"","ocean_menu_link_color_hover":"","ocean_menu_link_color_active":"","ocean_menu_link_background":"","ocean_menu_link_hover_background":"","ocean_menu_link_active_background":"","ocean_menu_social_links_bg":"","ocean_menu_social_hover_links_bg":"","ocean_menu_social_links_color":"","ocean_menu_social_hover_links_color":"","ocean_disable_title":"default","ocean_disable_heading":"default","ocean_post_title":"","ocean_post_subheading":"","ocean_post_title_style":"","ocean_post_title_background_color":"","ocean_post_title_background":0,"ocean_post_title_bg_image_position":"","ocean_post_title_bg_image_attachment":"","ocean_post_title_bg_image_repeat":"","ocean_post_title_bg_image_size":"","ocean_post_title_height":0,"ocean_post_title_bg_overlay":0.5,"ocean_post_title_bg_overlay_color":"","ocean_disable_breadcrumbs":"default","ocean_breadcrumbs_color":"","ocean_breadcrumbs_separator_color":"","ocean_breadcrumbs_links_color":"","ocean_breadcrumbs_links_hover_color":"","ocean_display_footer_widgets":"default","ocean_display_footer_bottom":"default","ocean_custom_footer_template":"","footnotes":""},"class_list":["post-36","page","type-page","status-publish","hentry","entry"],"yoast_head":"<!-- This site is optimized with the Yoast SEO plugin v27.3 - https:\/\/yoast.com\/product\/yoast-seo-wordpress\/ -->\n<title>Conseil d&#039;administration - Association Jeunesse Avenir<\/title>\n<meta name=\"description\" content=\"D\u00e9couvrez l&#039;\u00e9quipe dirigeante de l&#039;AJA Maubeuge, d\u00e9di\u00e9e \u00e0 accompagner la jeunesse avec des actions \u00e9ducatives, sociales et culturelles.\" \/>\n<meta name=\"robots\" content=\"index, follow, max-snippet:-1, max-image-preview:large, max-video-preview:-1\" \/>\n<link rel=\"canonical\" href=\"https:\/\/ajaprevention.fr\/?page_id=36\" \/>\n<meta property=\"og:locale\" content=\"fr_FR\" \/>\n<meta property=\"og:type\" content=\"article\" \/>\n<meta property=\"og:title\" content=\"Conseil d&#039;administration - Association Jeunesse Avenir\" \/>\n<meta property=\"og:description\" content=\"D\u00e9couvrez l&#039;\u00e9quipe dirigeante de l&#039;AJA Maubeuge, d\u00e9di\u00e9e \u00e0 accompagner la jeunesse avec des actions \u00e9ducatives, sociales et culturelles.\" \/>\n<meta property=\"og:url\" content=\"https:\/\/ajaprevention.fr\/?page_id=36\" \/>\n<meta property=\"og:site_name\" content=\"Association Jeunesse Avenir\" \/>\n<meta property=\"article:modified_time\" content=\"2024-12-06T21:46:55+00:00\" \/>\n<meta name=\"twitter:card\" content=\"summary_large_image\" \/>\n<meta name=\"twitter:label1\" content=\"Dur\u00e9e de lecture estim\u00e9e\" \/>\n\t<meta name=\"twitter:data1\" content=\"2 minutes\" \/>\n<script type=\"application\/ld+json\" class=\"yoast-schema-graph\">{\"@context\":\"https:\\\/\\\/schema.org\",\"@graph\":[{\"@type\":\"WebPage\",\"@id\":\"https:\\\/\\\/ajaprevention.fr\\\/?page_id=36\",\"url\":\"https:\\\/\\\/ajaprevention.fr\\\/?page_id=36\",\"name\":\"Conseil d'administration - Association Jeunesse Avenir\",\"isPartOf\":{\"@id\":\"https:\\\/\\\/ajaprevention.fr\\\/#website\"},\"datePublished\":\"2024-12-05T18:50:22+00:00\",\"dateModified\":\"2024-12-06T21:46:55+00:00\",\"description\":\"D\u00e9couvrez l'\u00e9quipe dirigeante de l'AJA Maubeuge, d\u00e9di\u00e9e \u00e0 accompagner la jeunesse avec des actions \u00e9ducatives, sociales et culturelles.\",\"breadcrumb\":{\"@id\":\"https:\\\/\\\/ajaprevention.fr\\\/?page_id=36#breadcrumb\"},\"inLanguage\":\"fr-FR\",\"potentialAction\":[{\"@type\":\"ReadAction\",\"target\":[\"https:\\\/\\\/ajaprevention.fr\\\/?page_id=36\"]}]},{\"@type\":\"BreadcrumbList\",\"@id\":\"https:\\\/\\\/ajaprevention.fr\\\/?page_id=36#breadcrumb\",\"itemListElement\":[{\"@type\":\"ListItem\",\"position\":1,\"name\":\"Accueil\",\"item\":\"https:\\\/\\\/ajaprevention.fr\\\/\"},{\"@type\":\"ListItem\",\"position\":2,\"name\":\"Conseil d&rsquo;administration\"}]},{\"@type\":\"WebSite\",\"@id\":\"https:\\\/\\\/ajaprevention.fr\\\/#website\",\"url\":\"https:\\\/\\\/ajaprevention.fr\\\/\",\"name\":\"Association Jeunesse Avenir\",\"description\":\"Association Jeunesse Avenir\",\"publisher\":{\"@id\":\"https:\\\/\\\/ajaprevention.fr\\\/#organization\"},\"potentialAction\":[{\"@type\":\"SearchAction\",\"target\":{\"@type\":\"EntryPoint\",\"urlTemplate\":\"https:\\\/\\\/ajaprevention.fr\\\/?s={search_term_string}\"},\"query-input\":{\"@type\":\"PropertyValueSpecification\",\"valueRequired\":true,\"valueName\":\"search_term_string\"}}],\"inLanguage\":\"fr-FR\"},{\"@type\":\"Organization\",\"@id\":\"https:\\\/\\\/ajaprevention.fr\\\/#organization\",\"name\":\"Association Jeunesse Avenir\",\"url\":\"https:\\\/\\\/ajaprevention.fr\\\/\",\"logo\":{\"@type\":\"ImageObject\",\"inLanguage\":\"fr-FR\",\"@id\":\"https:\\\/\\\/ajaprevention.fr\\\/#\\\/schema\\\/logo\\\/image\\\/\",\"url\":\"https:\\\/\\\/ajaprevention.fr\\\/wp-content\\\/uploads\\\/2024\\\/11\\\/cropped-cropped-logo-AJA-1.png\",\"contentUrl\":\"https:\\\/\\\/ajaprevention.fr\\\/wp-content\\\/uploads\\\/2024\\\/11\\\/cropped-cropped-logo-AJA-1.png\",\"width\":512,\"height\":512,\"caption\":\"Association Jeunesse Avenir\"},\"image\":{\"@id\":\"https:\\\/\\\/ajaprevention.fr\\\/#\\\/schema\\\/logo\\\/image\\\/\"}}]}<\/script>\n<!-- \/ Yoast SEO plugin. -->","yoast_head_json":{"title":"Conseil d'administration - Association Jeunesse Avenir","description":"D\u00e9couvrez l'\u00e9quipe dirigeante de l'AJA Maubeuge, d\u00e9di\u00e9e \u00e0 accompagner la jeunesse avec des actions \u00e9ducatives, sociales et culturelles.","robots":{"index":"index","follow":"follow","max-snippet":"max-snippet:-1","max-image-preview":"max-image-preview:large","max-video-preview":"max-video-preview:-1"},"canonical":"https:\/\/ajaprevention.fr\/?page_id=36","og_locale":"fr_FR","og_type":"article","og_title":"Conseil d'administration - Association Jeunesse Avenir","og_description":"D\u00e9couvrez l'\u00e9quipe dirigeante de l'AJA Maubeuge, d\u00e9di\u00e9e \u00e0 accompagner la jeunesse avec des actions \u00e9ducatives, sociales et culturelles.","og_url":"https:\/\/ajaprevention.fr\/?page_id=36","og_site_name":"Association Jeunesse Avenir","article_modified_time":"2024-12-06T21:46:55+00:00","twitter_card":"summary_large_image","twitter_misc":{"Dur\u00e9e de lecture estim\u00e9e":"2 minutes"},"schema":{"@context":"https:\/\/schema.org","@graph":[{"@type":"WebPage","@id":"https:\/\/ajaprevention.fr\/?page_id=36","url":"https:\/\/ajaprevention.fr\/?page_id=36","name":"Conseil d'administration - Association Jeunesse Avenir","isPartOf":{"@id":"https:\/\/ajaprevention.fr\/#website"},"datePublished":"2024-12-05T18:50:22+00:00","dateModified":"2024-12-06T21:46:55+00:00","description":"D\u00e9couvrez l'\u00e9quipe dirigeante de l'AJA Maubeuge, d\u00e9di\u00e9e \u00e0 accompagner la jeunesse avec des actions \u00e9ducatives, sociales et culturelles.","breadcrumb":{"@id":"https:\/\/ajaprevention.fr\/?page_id=36#breadcrumb"},"inLanguage":"fr-FR","potentialAction":[{"@type":"ReadAction","target":["https:\/\/ajaprevention.fr\/?page_id=36"]}]},{"@type":"BreadcrumbList","@id":"https:\/\/ajaprevention.fr\/?page_id=36#breadcrumb","itemListElement":[{"@type":"ListItem","position":1,"name":"Accueil","item":"https:\/\/ajaprevention.fr\/"},{"@type":"ListItem","position":2,"name":"Conseil d&rsquo;administration"}]},{"@type":"WebSite","@id":"https:\/\/ajaprevention.fr\/#website","url":"https:\/\/ajaprevention.fr\/","name":"Association Jeunesse Avenir","description":"Association Jeunesse Avenir","publisher":{"@id":"https:\/\/ajaprevention.fr\/#organization"},"potentialAction":[{"@type":"SearchAction","target":{"@type":"EntryPoint","urlTemplate":"https:\/\/ajaprevention.fr\/?s={search_term_string}"},"query-input":{"@type":"PropertyValueSpecification","valueRequired":true,"valueName":"search_term_string"}}],"inLanguage":"fr-FR"},{"@type":"Organization","@id":"https:\/\/ajaprevention.fr\/#organization","name":"Association Jeunesse Avenir","url":"https:\/\/ajaprevention.fr\/","logo":{"@type":"ImageObject","inLanguage":"fr-FR","@id":"https:\/\/ajaprevention.fr\/#\/schema\/logo\/image\/","url":"https:\/\/ajaprevention.fr\/wp-content\/uploads\/2024\/11\/cropped-cropped-logo-AJA-1.png","contentUrl":"https:\/\/ajaprevention.fr\/wp-content\/uploads\/2024\/11\/cropped-cropped-logo-AJA-1.png","width":512,"height":512,"caption":"Association Jeunesse Avenir"},"image":{"@id":"https:\/\/ajaprevention.fr\/#\/schema\/logo\/image\/"}}]}},"_links":{"self":[{"href":"https:\/\/ajaprevention.fr\/index.php?rest_route=\/wp\/v2\/pages\/36","targetHints":{"allow":["GET"]}}],"collection":[{"href":"https:\/\/ajaprevention.fr\/index.php?rest_route=\/wp\/v2\/pages"}],"about":[{"href":"https:\/\/ajaprevention.fr\/index.php?rest_route=\/wp\/v2\/types\/page"}],"author":[{"embeddable":true,"href":"https:\/\/ajaprevention.fr\/index.php?rest_route=\/wp\/v2\/users\/1"}],"replies":[{"embeddable":true,"href":"https:\/\/ajaprevention.fr\/index.php?rest_route=%2Fwp%2Fv2%2Fcomments&post=36"}],"version-history":[{"count":19,"href":"https:\/\/ajaprevention.fr\/index.php?rest_route=\/wp\/v2\/pages\/36\/revisions"}],"predecessor-version":[{"id":280,"href":"https:\/\/ajaprevention.fr\/index.php?rest_route=\/wp\/v2\/pages\/36\/revisions\/280"}],"wp:attachment":[{"href":"https:\/\/ajaprevention.fr\/index.php?rest_route=%2Fwp%2Fv2%2Fmedia&parent=36"}],"curies":[{"name":"wp","href":"https:\/\/api.w.org\/{rel}","templated":true}]}}